{"id":6,"date":"2011-04-06T12:17:42","date_gmt":"2011-04-06T12:17:42","guid":{"rendered":"http:\/\/www.sbs-langelsheim.de\/?page_id=2"},"modified":"2025-01-14T13:10:02","modified_gmt":"2025-01-14T13:10:02","slug":"beispiel-seite","status":"publish","type":"page","link":"https:\/\/sportbootschule-langelsheim.de\/","title":{"rendered":"Startseite"},"content":{"rendered":"<p><strong>Willkommen bei uns.<\/strong><\/p>\n<p>Die Sportbootschule Langelsheim ist seit \u00fcber 30 Jahren Ihr kompetenter Ansprechpartner rund um den Erwerb von Sportbootf\u00fchrerscheinen.<\/p>\n<p>Ob in Binnengew\u00e4ssern, oder auf hohe See, wir sind Ihr Partner auf dem erfolgreichen Weg zu dem F\u00fchrerschein f\u00fcr Sportboote.<\/p>\n<p>Wir nehmen uns die Zeit, die Sie ben\u00f6tigen!!<\/p>\n<p>Ihr Wissen f\u00fcr die Pr\u00fcfung wird nachhaltig und fundiert vermittelt. So k\u00f6nnen Sie auch nach Jahren noch auf diesen Wissensschatz zur\u00fcckgreifen.<\/p>\n<p>\u00dcber den reinen Unterricht hinaus, nehmen wir Ihnen alle organistatorischen Hindernisse ab. Wir besorgen Ihnen die Unterrichtsmaterialien, melden Sie zur Pr\u00fcfung an und begleiten Sie auch dort hin. Sogar das Boot f\u00fcr die \u00dcbungsfahrten organisieren wir f\u00fcr Sie.<\/p>\n<p>Selbst die Tampen (Leinen), die Sie f\u00fcr die verschiedenen Knoten ben\u00f6tigen, bekommen Sie von uns.<\/p>\n<p>Jahrzehnte Erfahrung und st\u00e4ndige Praxis erm\u00f6glichen es uns Sie rundum zu betreuen. Dass am Ende der F\u00fchrerschein fast sicher ist, zeigt unsere Statistik der letzten Jahre.<\/p>\n","protected":false},"excerpt":{"rendered":"<p>Willkommen bei uns. Die Sportbootschule Langelsheim ist seit \u00fcber 30 Jahren Ihr kompetenter Ansprechpartner rund um den Erwerb von Sportbootf\u00fchrerscheinen. Ob in Binnengew\u00e4ssern, oder auf hohe See, wir sind Ihr Partner auf dem erfolgreichen Weg zu dem F\u00fchrerschein f\u00fcr Sportboote. Wir nehmen uns die Zeit, die Sie ben\u00f6tigen!! Ihr Wissen f\u00fcr die Pr\u00fcfung wird nachhaltig [&hellip;]<\/p>\n","protected":false},"author":1,"featured_media":0,"parent":0,"menu_order":0,"comment_status":"open","ping_status":"open","template":"","meta":{"footnotes":""},"class_list":["post-6","page","type-page","status-publish","hentry"],"_links":{"self":[{"href":"https:\/\/sportbootschule-langelsheim.de\/index.php?rest_route=\/wp\/v2\/pages\/6","targetHints":{"allow":["GET"]}}],"collection":[{"href":"https:\/\/sportbootschule-langelsheim.de\/index.php?rest_route=\/wp\/v2\/pages"}],"about":[{"href":"https:\/\/sportbootschule-langelsheim.de\/index.php?rest_route=\/wp\/v2\/types\/page"}],"author":[{"embeddable":true,"href":"https:\/\/sportbootschule-langelsheim.de\/index.php?rest_route=\/wp\/v2\/users\/1"}],"replies":[{"embeddable":true,"href":"https:\/\/sportbootschule-langelsheim.de\/index.php?rest_route=%2Fwp%2Fv2%2Fcomments&post=6"}],"version-history":[{"count":3,"href":"https:\/\/sportbootschule-langelsheim.de\/index.php?rest_route=\/wp\/v2\/pages\/6\/revisions"}],"predecessor-version":[{"id":211,"href":"https:\/\/sportbootschule-langelsheim.de\/index.php?rest_route=\/wp\/v2\/pages\/6\/revisions\/211"}],"wp:attachment":[{"href":"https:\/\/sportbootschule-langelsheim.de\/index.php?rest_route=%2Fwp%2Fv2%2Fmedia&parent=6"}],"curies":[{"name":"wp","href":"https:\/\/api.w.org\/{rel}","templated":true}]}}